{"id":1103,"date":"2024-07-08T08:54:21","date_gmt":"2024-07-08T08:54:21","guid":{"rendered":"https:\/\/zeagle.in-staging.be\/?page_id=1103"},"modified":"2024-11-22T08:34:57","modified_gmt":"2024-11-22T08:34:57","slug":"michel-zellien","status":"publish","type":"page","link":"https:\/\/zeagle.be\/fr\/michel-zellien\/","title":{"rendered":"Michel Zellien"},"content":{"rendered":"<div data-elementor-type=\"wp-page\" data-elementor-id=\"1103\" class=\"elementor elementor-1103\" data-elementor-post-type=\"page\">\n\t\t\t\t<div class=\"elementor-element elementor-element-a1c7cf3 e-con-full e-flex e-con e-child\" data-id=\"a1c7cf3\" data-element_type=\"container\" data-e-type=\"container\">\n\t\t<div class=\"elementor-element elementor-element-e0a8a9d e-con-full e-flex e-con e-child\" data-id=\"e0a8a9d\" data-element_type=\"container\" data-e-type=\"container\">\n\t\t<div class=\"elementor-element elementor-element-661c6f3 e-con-full e-flex e-con e-child\" data-id=\"661c6f3\" data-element_type=\"container\" data-e-type=\"container\" data-settings=\"{&quot;background_background&quot;:&quot;classic&quot;}\">\n\t\t\t\t<div class=\"elementor-element elementor-element-9b1753c elementor-widget elementor-widget-image\" data-id=\"9b1753c\" data-element_type=\"widget\" data-e-type=\"widget\" data-widget_type=\"image.default\">\n\t\t\t\t<div class=\"elementor-widget-container\">\n\t\t\t\t\t\t\t\t\t\t\t\t\t\t\t<img fetchpriority=\"high\" decoding=\"async\" width=\"640\" height=\"640\" src=\"https:\/\/zeagle.be\/wp-content\/uploads\/2024\/10\/1-1024x1024.png\" class=\"attachment-large size-large wp-image-3763\" alt=\"\" srcset=\"https:\/\/zeagle.be\/wp-content\/uploads\/2024\/10\/1-1024x1024.png 1024w, https:\/\/zeagle.be\/wp-content\/uploads\/2024\/10\/1-300x300.png 300w, https:\/\/zeagle.be\/wp-content\/uploads\/2024\/10\/1-150x150.png 150w, https:\/\/zeagle.be\/wp-content\/uploads\/2024\/10\/1-768x768.png 768w, https:\/\/zeagle.be\/wp-content\/uploads\/2024\/10\/1-12x12.png 12w, https:\/\/zeagle.be\/wp-content\/uploads\/2024\/10\/1.png 1080w\" sizes=\"(max-width: 640px) 100vw, 640px\" \/>\t\t\t\t\t\t\t\t\t\t\t\t\t\t\t<\/div>\n\t\t\t\t<\/div>\n\t\t\t\t<div class=\"elementor-element elementor-element-16f7108 elementor-widget__width-initial elementor-widget elementor-widget-text-editor\" data-id=\"16f7108\" data-element_type=\"widget\" data-e-type=\"widget\" data-widget_type=\"text-editor.default\">\n\t\t\t\t<div class=\"elementor-widget-container\">\n\t\t\t\t\t\t\t\t\t<p>Propri\u00e9taire de Zeagle, coach d\u2019entreprise, facilitateur<\/p>\t\t\t\t\t\t\t\t<\/div>\n\t\t\t\t<\/div>\n\t\t\t\t<\/div>\n\t\t\t\t<div class=\"elementor-element elementor-element-e5d6f06 elementor-widget elementor-widget-spacer\" data-id=\"e5d6f06\" data-element_type=\"widget\" data-e-type=\"widget\" data-widget_type=\"spacer.default\">\n\t\t\t\t<div class=\"elementor-widget-container\">\n\t\t\t\t\t\t\t<div class=\"elementor-spacer\">\n\t\t\t<div class=\"elementor-spacer-inner\"><\/div>\n\t\t<\/div>\n\t\t\t\t\t\t<\/div>\n\t\t\t\t<\/div>\n\t\t<div class=\"elementor-element elementor-element-ade9bbb e-con-full e-flex e-con e-child\" data-id=\"ade9bbb\" data-element_type=\"container\" data-e-type=\"container\" data-settings=\"{&quot;background_background&quot;:&quot;classic&quot;}\">\n\t\t\t\t<div class=\"elementor-element elementor-element-86b5eba elementor-widget elementor-widget-spacer\" data-id=\"86b5eba\" data-element_type=\"widget\" data-e-type=\"widget\" data-widget_type=\"spacer.default\">\n\t\t\t\t<div class=\"elementor-widget-container\">\n\t\t\t\t\t\t\t<div class=\"elementor-spacer\">\n\t\t\t<div class=\"elementor-spacer-inner\"><\/div>\n\t\t<\/div>\n\t\t\t\t\t\t<\/div>\n\t\t\t\t<\/div>\n\t\t\t\t<div class=\"elementor-element elementor-element-df1d5f2 elementor-widget__width-inherit elementor-widget elementor-widget-heading\" data-id=\"df1d5f2\" data-element_type=\"widget\" data-e-type=\"widget\" data-widget_type=\"heading.default\">\n\t\t\t\t<div class=\"elementor-widget-container\">\n\t\t\t\t\t<h2 class=\"elementor-heading-title elementor-size-default\">Michel Zellien<\/h2>\t\t\t\t<\/div>\n\t\t\t\t<\/div>\n\t\t\t\t<div class=\"elementor-element elementor-element-66b5f9b elementor-widget elementor-widget-text-editor\" data-id=\"66b5f9b\" data-element_type=\"widget\" data-e-type=\"widget\" data-widget_type=\"text-editor.default\">\n\t\t\t\t<div class=\"elementor-widget-container\">\n\t\t\t\t\t\t\t\t\t<p>Ma passion r\u00e9side dans l'accompagnement des personnes dans leur d\u00e9veloppement professionnel. Depuis 2012, en tant que coach d'entreprise, j'accompagne des employ\u00e9s dans divers secteurs sur des th\u00e8mes tels que le leadership, la coh\u00e9sion d'\u00e9quipe, l'efficacit\u00e9 interpersonnelle et la communication impactante.<\/p><p>J'ai d\u00e9velopp\u00e9 et anim\u00e9 des programmes pour des secteurs tels que la pharmacie, les dispositifs m\u00e9dicaux, l'automobile, la v\u00e9rification et certification, les pompes fun\u00e8bres, l'\u00e9ducation, la banque, l'h\u00f4tellerie, la confection, la gestion de l'\u00e9nergie et des r\u00e9seaux, le gouvernement, le transport ferroviaire et l'infrastructure ainsi que pour les Nations Unies au Benelux, en France, en Angleterre, en Irlande, en Allemagne, en Pologne, en Suisse, en R\u00e9publique tch\u00e8que, au Canada, au S\u00e9n\u00e9gal, au Cap-Vert et en Afrique du Sud.<\/p><p>Avec 25 ans d'exp\u00e9rience en vente et marketing au niveau national et international, je poss\u00e8de une connaissance approfondie du monde des affaires. Au cours de ma carri\u00e8re, j'ai appris comment le leadership et la communication influencent la motivation et les performances des individus, des \u00e9quipes et des organisations.<span class=\"Apple-converted-space\">\u00a0<\/span><\/p><p>Aujourd'hui, je con\u00e7ois des programmes sur mesure qui r\u00e9pondent aux objectifs et besoins sp\u00e9cifiques des entreprises. Mon expertise couvre le conseil en communication, la facilitation des processus de d\u00e9veloppement et le coaching d'individus et d'\u00e9quipes.<\/p>\t\t\t\t\t\t\t\t<\/div>\n\t\t\t\t<\/div>\n\t\t\t\t<\/div>\n\t\t\t\t<\/div>\n\t\t\t\t<\/div>\n\t\t\t\t<\/div>","protected":false},"excerpt":{"rendered":"<p>Eigenaar Zeagle, bedrijfscoach, facilitator Michel Zellien Mijn passie ligt in het ondersteunen van mensen in hun professionele ontwikkeling. Sinds 2012 begeleid ik als bedrijfscoach medewerkers in diverse sectoren op het gebied van leiderschap, teamcohesie, interpersoonlijke effectiviteit en impactvolle communicatie. Ik heb programma&#8217;s ontwikkeld en gefaciliteerd voor sectoren zoals farmaceutica, medische hulpmiddelen, automobiel, verificatie en certificering, [&hellip;]<\/p>\n","protected":false},"author":2,"featured_media":0,"parent":0,"menu_order":0,"comment_status":"closed","ping_status":"closed","template":"elementor_header_footer","meta":{"_acf_changed":false,"inline_featured_image":false,"footnotes":""},"class_list":["post-1103","page","type-page","status-publish","hentry"],"acf":[],"yoast_head":"<!-- This site is optimized with the Yoast SEO plugin v27.5 - https:\/\/yoast.com\/product\/yoast-seo-wordpress\/ -->\n<title>Michel Zellien - Zeagle<\/title>\n<meta name=\"robots\" content=\"index, follow, max-snippet:-1, max-image-preview:large, max-video-preview:-1\" \/>\n<link rel=\"canonical\" href=\"https:\/\/zeagle.be\/fr\/michel-zellien\/\" \/>\n<meta property=\"og:locale\" content=\"fr_FR\" \/>\n<meta property=\"og:type\" content=\"article\" \/>\n<meta property=\"og:title\" content=\"Michel Zellien - Zeagle\" \/>\n<meta property=\"og:description\" content=\"Eigenaar Zeagle, bedrijfscoach, facilitator Michel Zellien Mijn passie ligt in het ondersteunen van mensen in hun professionele ontwikkeling. Sinds 2012 begeleid ik als bedrijfscoach medewerkers in diverse sectoren op het gebied van leiderschap, teamcohesie, interpersoonlijke effectiviteit en impactvolle communicatie. Ik heb programma&#8217;s ontwikkeld en gefaciliteerd voor sectoren zoals farmaceutica, medische hulpmiddelen, automobiel, verificatie en certificering, [&hellip;]\" \/>\n<meta property=\"og:url\" content=\"https:\/\/zeagle.be\/fr\/michel-zellien\/\" \/>\n<meta property=\"og:site_name\" content=\"Zeagle\" \/>\n<meta property=\"article:modified_time\" content=\"2024-11-22T08:34:57+00:00\" \/>\n<meta property=\"og:image\" content=\"https:\/\/zeagle.be\/wp-content\/uploads\/2024\/10\/1.png\" \/>\n\t<meta property=\"og:image:width\" content=\"1080\" \/>\n\t<meta property=\"og:image:height\" content=\"1080\" \/>\n\t<meta property=\"og:image:type\" content=\"image\/png\" \/>\n<meta name=\"twitter:card\" content=\"summary_large_image\" \/>\n<meta name=\"twitter:label1\" content=\"Dur\u00e9e de lecture est.\" \/>\n\t<meta name=\"twitter:data1\" content=\"1 minute\" \/>\n<script type=\"application\/ld+json\" class=\"yoast-schema-graph\">{\"@context\":\"https:\\\/\\\/schema.org\",\"@graph\":[{\"@type\":\"WebPage\",\"@id\":\"https:\\\/\\\/zeagle.be\\\/michel-zellien\\\/\",\"url\":\"https:\\\/\\\/zeagle.be\\\/michel-zellien\\\/\",\"name\":\"Michel Zellien - Zeagle\",\"isPartOf\":{\"@id\":\"https:\\\/\\\/zeagle.be\\\/#website\"},\"primaryImageOfPage\":{\"@id\":\"https:\\\/\\\/zeagle.be\\\/michel-zellien\\\/#primaryimage\"},\"image\":{\"@id\":\"https:\\\/\\\/zeagle.be\\\/michel-zellien\\\/#primaryimage\"},\"thumbnailUrl\":\"https:\\\/\\\/zeagle.be\\\/wp-content\\\/uploads\\\/2024\\\/10\\\/1-1024x1024.png\",\"datePublished\":\"2024-07-08T08:54:21+00:00\",\"dateModified\":\"2024-11-22T08:34:57+00:00\",\"breadcrumb\":{\"@id\":\"https:\\\/\\\/zeagle.be\\\/michel-zellien\\\/#breadcrumb\"},\"inLanguage\":\"fr-BE\",\"potentialAction\":[{\"@type\":\"ReadAction\",\"target\":[\"https:\\\/\\\/zeagle.be\\\/michel-zellien\\\/\"]}]},{\"@type\":\"ImageObject\",\"inLanguage\":\"fr-BE\",\"@id\":\"https:\\\/\\\/zeagle.be\\\/michel-zellien\\\/#primaryimage\",\"url\":\"https:\\\/\\\/zeagle.be\\\/wp-content\\\/uploads\\\/2024\\\/10\\\/1-1024x1024.png\",\"contentUrl\":\"https:\\\/\\\/zeagle.be\\\/wp-content\\\/uploads\\\/2024\\\/10\\\/1-1024x1024.png\"},{\"@type\":\"BreadcrumbList\",\"@id\":\"https:\\\/\\\/zeagle.be\\\/michel-zellien\\\/#breadcrumb\",\"itemListElement\":[{\"@type\":\"ListItem\",\"position\":1,\"name\":\"Home\",\"item\":\"https:\\\/\\\/zeagle.be\\\/\"},{\"@type\":\"ListItem\",\"position\":2,\"name\":\"Michel Zellien\"}]},{\"@type\":\"WebSite\",\"@id\":\"https:\\\/\\\/zeagle.be\\\/#website\",\"url\":\"https:\\\/\\\/zeagle.be\\\/\",\"name\":\"Zeagle\",\"description\":\"\",\"potentialAction\":[{\"@type\":\"SearchAction\",\"target\":{\"@type\":\"EntryPoint\",\"urlTemplate\":\"https:\\\/\\\/zeagle.be\\\/?s={search_term_string}\"},\"query-input\":{\"@type\":\"PropertyValueSpecification\",\"valueRequired\":true,\"valueName\":\"search_term_string\"}}],\"inLanguage\":\"fr-BE\"}]}<\/script>\n<!-- \/ Yoast SEO plugin. -->","yoast_head_json":{"title":"Michel Zellien - Zeagle","robots":{"index":"index","follow":"follow","max-snippet":"max-snippet:-1","max-image-preview":"max-image-preview:large","max-video-preview":"max-video-preview:-1"},"canonical":"https:\/\/zeagle.be\/fr\/michel-zellien\/","og_locale":"fr_FR","og_type":"article","og_title":"Michel Zellien - Zeagle","og_description":"Eigenaar Zeagle, bedrijfscoach, facilitator Michel Zellien Mijn passie ligt in het ondersteunen van mensen in hun professionele ontwikkeling. Sinds 2012 begeleid ik als bedrijfscoach medewerkers in diverse sectoren op het gebied van leiderschap, teamcohesie, interpersoonlijke effectiviteit en impactvolle communicatie. Ik heb programma&#8217;s ontwikkeld en gefaciliteerd voor sectoren zoals farmaceutica, medische hulpmiddelen, automobiel, verificatie en certificering, [&hellip;]","og_url":"https:\/\/zeagle.be\/fr\/michel-zellien\/","og_site_name":"Zeagle","article_modified_time":"2024-11-22T08:34:57+00:00","og_image":[{"width":1080,"height":1080,"url":"https:\/\/zeagle.be\/wp-content\/uploads\/2024\/10\/1.png","type":"image\/png"}],"twitter_card":"summary_large_image","twitter_misc":{"Dur\u00e9e de lecture est.":"1 minute"},"schema":{"@context":"https:\/\/schema.org","@graph":[{"@type":"WebPage","@id":"https:\/\/zeagle.be\/michel-zellien\/","url":"https:\/\/zeagle.be\/michel-zellien\/","name":"Michel Zellien - Zeagle","isPartOf":{"@id":"https:\/\/zeagle.be\/#website"},"primaryImageOfPage":{"@id":"https:\/\/zeagle.be\/michel-zellien\/#primaryimage"},"image":{"@id":"https:\/\/zeagle.be\/michel-zellien\/#primaryimage"},"thumbnailUrl":"https:\/\/zeagle.be\/wp-content\/uploads\/2024\/10\/1-1024x1024.png","datePublished":"2024-07-08T08:54:21+00:00","dateModified":"2024-11-22T08:34:57+00:00","breadcrumb":{"@id":"https:\/\/zeagle.be\/michel-zellien\/#breadcrumb"},"inLanguage":"fr-BE","potentialAction":[{"@type":"ReadAction","target":["https:\/\/zeagle.be\/michel-zellien\/"]}]},{"@type":"ImageObject","inLanguage":"fr-BE","@id":"https:\/\/zeagle.be\/michel-zellien\/#primaryimage","url":"https:\/\/zeagle.be\/wp-content\/uploads\/2024\/10\/1-1024x1024.png","contentUrl":"https:\/\/zeagle.be\/wp-content\/uploads\/2024\/10\/1-1024x1024.png"},{"@type":"BreadcrumbList","@id":"https:\/\/zeagle.be\/michel-zellien\/#breadcrumb","itemListElement":[{"@type":"ListItem","position":1,"name":"Home","item":"https:\/\/zeagle.be\/"},{"@type":"ListItem","position":2,"name":"Michel Zellien"}]},{"@type":"WebSite","@id":"https:\/\/zeagle.be\/#website","url":"https:\/\/zeagle.be\/","name":"Zeagle","description":"","potentialAction":[{"@type":"SearchAction","target":{"@type":"EntryPoint","urlTemplate":"https:\/\/zeagle.be\/?s={search_term_string}"},"query-input":{"@type":"PropertyValueSpecification","valueRequired":true,"valueName":"search_term_string"}}],"inLanguage":"fr-BE"}]}},"_links":{"self":[{"href":"https:\/\/zeagle.be\/fr\/wp-json\/wp\/v2\/pages\/1103","targetHints":{"allow":["GET"]}}],"collection":[{"href":"https:\/\/zeagle.be\/fr\/wp-json\/wp\/v2\/pages"}],"about":[{"href":"https:\/\/zeagle.be\/fr\/wp-json\/wp\/v2\/types\/page"}],"author":[{"embeddable":true,"href":"https:\/\/zeagle.be\/fr\/wp-json\/wp\/v2\/users\/2"}],"replies":[{"embeddable":true,"href":"https:\/\/zeagle.be\/fr\/wp-json\/wp\/v2\/comments?post=1103"}],"version-history":[{"count":5,"href":"https:\/\/zeagle.be\/fr\/wp-json\/wp\/v2\/pages\/1103\/revisions"}],"predecessor-version":[{"id":3997,"href":"https:\/\/zeagle.be\/fr\/wp-json\/wp\/v2\/pages\/1103\/revisions\/3997"}],"wp:attachment":[{"href":"https:\/\/zeagle.be\/fr\/wp-json\/wp\/v2\/media?parent=1103"}],"curies":[{"name":"wp","href":"https:\/\/api.w.org\/{rel}","templated":true}]}}